{"id":11094,"date":"2023-08-14T00:00:21","date_gmt":"2023-08-14T00:00:21","guid":{"rendered":"https:\/\/fgindes.com\/?page_id=11094"},"modified":"2023-08-29T17:03:14","modified_gmt":"2023-08-29T17:03:14","slug":"refrigeracion-comercial-e-industrial","status":"publish","type":"page","link":"https:\/\/fgindes.com\/es\/refrigeracion-comercial-e-industrial\/","title":{"rendered":"Refrigeraci\u00f3n Comercial e Industrial"},"content":{"rendered":"<div data-elementor-type=\"wp-page\" data-elementor-id=\"11094\" class=\"elementor elementor-11094\">\n\t\t\t\t\t\t\t\t\t<section class=\"elementor-section elementor-top-section elementor-element elementor-element-0a1e18a elementor-section-boxed elementor-section-height-default elementor-section-height-default\" data-id=\"0a1e18a\" data-element_type=\"section\">\n\t\t\t\t\t\t<div class=\"elementor-container elementor-column-gap-default\">\n\t\t\t\t\t<div class=\"elementor-column elementor-col-25 elementor-top-column elementor-element elementor-element-d3c0efb top column-style-top\" data-id=\"d3c0efb\" data-element_type=\"column\">\n\t\t\t<div class=\"elementor-widget-wrap elementor-element-populated\">\n\t\t\t\t\t\t\t\t<div class=\"elementor-element elementor-element-4d88616 elementor-widget elementor-widget-image\" data-id=\"4d88616\" data-element_type=\"widget\" data-widget_type=\"image.default\">\n\t\t\t\t<div class=\"elementor-widget-container\">\n\t\t\t<style>\/*! elementor - v3.15.0 - 02-08-2023 *\/\n.elementor-widget-image{text-align:center}.elementor-widget-image a{display:inline-block}.elementor-widget-image a img[src$=\".svg\"]{width:48px}.elementor-widget-image img{vertical-align:middle;display:inline-block}<\/style>\t\t\t\t\t\t\t\t\t\t\t\t<img loading=\"lazy\" decoding=\"async\" width=\"900\" height=\"599\" src=\"https:\/\/fgindes.com\/wp-content\/uploads\/2023\/08\/ventilation-pipes-of-an-air-condition-1024x682.jpg\" class=\"attachment-large size-large wp-image-10994\" alt=\"Ventilation pipes of an air condition\" srcset=\"https:\/\/fgindes.com\/wp-content\/uploads\/2023\/08\/ventilation-pipes-of-an-air-condition-1024x682.jpg 1024w, https:\/\/fgindes.com\/wp-content\/uploads\/2023\/08\/ventilation-pipes-of-an-air-condition-768x512.jpg 768w, https:\/\/fgindes.com\/wp-content\/uploads\/2023\/08\/ventilation-pipes-of-an-air-condition-600x400.jpg 600w, https:\/\/fgindes.com\/wp-content\/uploads\/2023\/08\/ventilation-pipes-of-an-air-condition.jpg 2000w\" sizes=\"auto, (max-width: 900px) 100vw, 900px\" \/>\t\t\t\t\t\t\t\t\t\t\t\t\t\t\t<\/div>\n\t\t\t\t<\/div>\n\t\t\t\t<div class=\"elementor-element elementor-element-6b143a6 elementor-widget elementor-widget-text-editor\" data-id=\"6b143a6\" data-element_type=\"widget\" data-widget_type=\"text-editor.default\">\n\t\t\t\t<div class=\"elementor-widget-container\">\n\t\t\t<style>\/*! elementor - v3.15.0 - 02-08-2023 *\/\n.elementor-widget-text-editor.elementor-drop-cap-view-stacked .elementor-drop-cap{background-color:#69727d;color:#fff}.elementor-widget-text-editor.elementor-drop-cap-view-framed .elementor-drop-cap{color:#69727d;border:3px solid;background-color:transparent}.elementor-widget-text-editor:not(.elementor-drop-cap-view-default) .elementor-drop-cap{margin-top:8px}.elementor-widget-text-editor:not(.elementor-drop-cap-view-default) .elementor-drop-cap-letter{width:1em;height:1em}.elementor-widget-text-editor .elementor-drop-cap{float:left;text-align:center;line-height:1;font-size:50px}.elementor-widget-text-editor .elementor-drop-cap-letter{display:inline-block}<\/style>\t\t\t\t<p><span style=\"color: #000080;\"><strong>Aire Acondicionado<\/strong><\/span><\/p><p><span style=\"color: #000000;\">Venta, mantenimiento e instalaci\u00f3n de aires acondicionados. Servicio de mantenimiento preventivo y correctivo. Suministro de repuestos y atenci\u00f3n 24\/7.\u00a0<\/span><\/p>\t\t\t\t\t\t<\/div>\n\t\t\t\t<\/div>\n\t\t\t\t\t<\/div>\n\t\t<\/div>\n\t\t\t\t<div class=\"elementor-column elementor-col-25 elementor-top-column elementor-element elementor-element-53c6d08 top column-style-top\" data-id=\"53c6d08\" data-element_type=\"column\">\n\t\t\t<div class=\"elementor-widget-wrap elementor-element-populated\">\n\t\t\t\t\t\t\t\t<div class=\"elementor-element elementor-element-26b02af elementor-widget elementor-widget-image\" data-id=\"26b02af\" data-element_type=\"widget\" data-widget_type=\"image.default\">\n\t\t\t\t<div class=\"elementor-widget-container\">\n\t\t\t\t\t\t\t\t\t\t\t\t\t\t\t<img loading=\"lazy\" decoding=\"async\" width=\"900\" height=\"675\" src=\"https:\/\/fgindes.com\/wp-content\/uploads\/2023\/08\/empty-freezer-in-the-supermarket-during-the-lockdown-of-corona-virus-covid-19-pandemic-1024x768.jpg\" class=\"attachment-large size-large wp-image-10969\" alt=\"empty freezer in the supermarket during the lockdown of corona virus covid 19 pandemic\" srcset=\"https:\/\/fgindes.com\/wp-content\/uploads\/2023\/08\/empty-freezer-in-the-supermarket-during-the-lockdown-of-corona-virus-covid-19-pandemic-1024x768.jpg 1024w, https:\/\/fgindes.com\/wp-content\/uploads\/2023\/08\/empty-freezer-in-the-supermarket-during-the-lockdown-of-corona-virus-covid-19-pandemic-768x576.jpg 768w, https:\/\/fgindes.com\/wp-content\/uploads\/2023\/08\/empty-freezer-in-the-supermarket-during-the-lockdown-of-corona-virus-covid-19-pandemic-600x450.jpg 600w, https:\/\/fgindes.com\/wp-content\/uploads\/2023\/08\/empty-freezer-in-the-supermarket-during-the-lockdown-of-corona-virus-covid-19-pandemic.jpg 2000w\" sizes=\"auto, (max-width: 900px) 100vw, 900px\" \/>\t\t\t\t\t\t\t\t\t\t\t\t\t\t\t<\/div>\n\t\t\t\t<\/div>\n\t\t\t\t<div class=\"elementor-element elementor-element-da3e9b5 elementor-widget elementor-widget-text-editor\" data-id=\"da3e9b5\" data-element_type=\"widget\" data-widget_type=\"text-editor.default\">\n\t\t\t\t<div class=\"elementor-widget-container\">\n\t\t\t\t\t\t\t<p><span style=\"color: #000080;\"><strong>Mantenimiento <\/strong><\/span><\/p><p><span style=\"color: #000000;\">Preventivo, predictivo y correctivo de todo equipo de refrigeraci\u00f3n comercial, ya sea remota o autocontenida. <\/span><\/p>\t\t\t\t\t\t<\/div>\n\t\t\t\t<\/div>\n\t\t\t\t\t<\/div>\n\t\t<\/div>\n\t\t\t\t<div class=\"elementor-column elementor-col-25 elementor-top-column elementor-element elementor-element-4a27bd6 top column-style-top\" data-id=\"4a27bd6\" data-element_type=\"column\">\n\t\t\t<div class=\"elementor-widget-wrap elementor-element-populated\">\n\t\t\t\t\t\t\t\t<div class=\"elementor-element elementor-element-7c09fbd elementor-widget elementor-widget-image\" data-id=\"7c09fbd\" data-element_type=\"widget\" data-widget_type=\"image.default\">\n\t\t\t\t<div class=\"elementor-widget-container\">\n\t\t\t\t\t\t\t\t\t\t\t\t\t\t\t<img loading=\"lazy\" decoding=\"async\" width=\"900\" height=\"626\" src=\"https:\/\/fgindes.com\/wp-content\/uploads\/2023\/08\/view-of-vegetable-counter-in-supermarket-fruits-and-vegetables-on-store-stand-in-supermarket-1024x712.jpg\" class=\"attachment-large size-large wp-image-10976\" alt=\"View of vegetable counter in supermarket. Fruits and vegetables on store stand in supermarket\" srcset=\"https:\/\/fgindes.com\/wp-content\/uploads\/2023\/08\/view-of-vegetable-counter-in-supermarket-fruits-and-vegetables-on-store-stand-in-supermarket-1024x712.jpg 1024w, https:\/\/fgindes.com\/wp-content\/uploads\/2023\/08\/view-of-vegetable-counter-in-supermarket-fruits-and-vegetables-on-store-stand-in-supermarket-768x534.jpg 768w, https:\/\/fgindes.com\/wp-content\/uploads\/2023\/08\/view-of-vegetable-counter-in-supermarket-fruits-and-vegetables-on-store-stand-in-supermarket-600x417.jpg 600w, https:\/\/fgindes.com\/wp-content\/uploads\/2023\/08\/view-of-vegetable-counter-in-supermarket-fruits-and-vegetables-on-store-stand-in-supermarket.jpg 2000w\" sizes=\"auto, (max-width: 900px) 100vw, 900px\" \/>\t\t\t\t\t\t\t\t\t\t\t\t\t\t\t<\/div>\n\t\t\t\t<\/div>\n\t\t\t\t<div class=\"elementor-element elementor-element-5a7d2ad elementor-widget elementor-widget-text-editor\" data-id=\"5a7d2ad\" data-element_type=\"widget\" data-widget_type=\"text-editor.default\">\n\t\t\t\t<div class=\"elementor-widget-container\">\n\t\t\t\t\t\t\t<p><span style=\"color: #000080;\"><strong>Dise\u00f1o y calculo\u00a0<\/strong><\/span><\/p><p><span style=\"color: #000000;\">Dise\u00f1o y calculo de sistemas de refrigeraci\u00f3n para fruver, supermercados y tiendas con m\u00faltiples opciones de acuerdo a las necesidades del cliente. Manejo de c\u00e1rnicos y conservaci\u00f3n de la cadena de frio. Asesor\u00eda en el ahorro energ\u00e9tico con la aplicaci\u00f3n de eficiencia y nuevas tecnolog\u00edas.\u00a0<\/span><\/p>\t\t\t\t\t\t<\/div>\n\t\t\t\t<\/div>\n\t\t\t\t\t<\/div>\n\t\t<\/div>\n\t\t\t\t<div class=\"elementor-column elementor-col-25 elementor-top-column elementor-element elementor-element-5ae34ef top column-style-top\" data-id=\"5ae34ef\" data-element_type=\"column\">\n\t\t\t<div class=\"elementor-widget-wrap elementor-element-populated\">\n\t\t\t\t\t\t\t\t<div class=\"elementor-element elementor-element-0b39a81 elementor-widget elementor-widget-image\" data-id=\"0b39a81\" data-element_type=\"widget\" data-widget_type=\"image.default\">\n\t\t\t\t<div class=\"elementor-widget-container\">\n\t\t\t\t\t\t\t\t\t\t\t\t\t\t\t<img loading=\"lazy\" decoding=\"async\" width=\"2000\" height=\"1333\" src=\"https:\/\/fgindes.com\/wp-content\/uploads\/2023\/08\/refrigeration-chamber-for-food-storage-installation-for-the-production-of-ice-.jpg\" class=\"attachment-full size-full wp-image-10978\" alt=\"Refrigeration chamber for food storage. Installation for the production of ice.\" srcset=\"https:\/\/fgindes.com\/wp-content\/uploads\/2023\/08\/refrigeration-chamber-for-food-storage-installation-for-the-production-of-ice-.jpg 2000w, https:\/\/fgindes.com\/wp-content\/uploads\/2023\/08\/refrigeration-chamber-for-food-storage-installation-for-the-production-of-ice--1024x682.jpg 1024w, https:\/\/fgindes.com\/wp-content\/uploads\/2023\/08\/refrigeration-chamber-for-food-storage-installation-for-the-production-of-ice--768x512.jpg 768w, https:\/\/fgindes.com\/wp-content\/uploads\/2023\/08\/refrigeration-chamber-for-food-storage-installation-for-the-production-of-ice--600x400.jpg 600w\" sizes=\"auto, (max-width: 2000px) 100vw, 2000px\" \/>\t\t\t\t\t\t\t\t\t\t\t\t\t\t\t<\/div>\n\t\t\t\t<\/div>\n\t\t\t\t<div class=\"elementor-element elementor-element-b47abbc elementor-widget elementor-widget-text-editor\" data-id=\"b47abbc\" data-element_type=\"widget\" data-widget_type=\"text-editor.default\">\n\t\t\t\t<div class=\"elementor-widget-container\">\n\t\t\t\t\t\t\t<p><span style=\"color: #000080;\"><b style=\"color: #000080;\">Cuartos <\/b><span style=\"color: #000080;\"><b>Fr\u00edos<\/b><\/span><b style=\"color: #000080;\">\u00a0<\/b><\/span><\/p><p><span style=\"color: #000000;\">Racks de refrigeraci\u00f3n para la Industria, cuartos frios de alta capacidad y dimensiones, con materias primas y elementos de alta calidad, adem\u00e1s de personal especializado. Tenemos cobertura en todo el territorio nacional.\u00a0<\/span><\/p>\t\t\t\t\t\t<\/div>\n\t\t\t\t<\/div>\n\t\t\t\t\t<\/div>\n\t\t<\/div>\n\t\t\t\t\t\t\t<\/div>\n\t\t<\/section>\n\t\t\t\t<section class=\"elementor-section elementor-top-section elementor-element elementor-element-4e114e14 elementor-section-boxed elementor-section-height-default elementor-section-height-default\" data-id=\"4e114e14\" data-element_type=\"section\" data-settings=\"{&quot;background_background&quot;:&quot;classic&quot;}\">\n\t\t\t\t\t\t<div class=\"elementor-container elementor-column-gap-default\">\n\t\t\t\t\t<div class=\"elementor-column elementor-col-100 elementor-top-column elementor-element elementor-element-5f7c2e19 col-bg-theme column-style-top\" data-id=\"5f7c2e19\" data-element_type=\"column\" data-settings=\"{&quot;background_background&quot;:&quot;classic&quot;}\">\n\t\t\t<div class=\"elementor-widget-wrap elementor-element-populated\">\n\t\t\t\t\t\t\t\t<div class=\"elementor-element elementor-element-1335a287 elementor-widget elementor-widget-gva-call-to-action\" data-id=\"1335a287\" data-element_type=\"widget\" data-widget_type=\"gva-call-to-action.default\">\n\t\t\t\t<div class=\"elementor-widget-container\">\n\t\t\t<div class=\"gva-element-gva-call-to-action gva-element\">\r\n   <div class=\"button-right widget gsc-call-to-action\">\r\n      <div class=\"content-inner clearfix\" >\r\n         <div class=\"cta-content\">\r\n                           <h2 class=\"title\">\r\n                  <span>Somos el aliado ideal para todo tipo de industria<\/span>\r\n               <\/h2>\r\n                                             <\/div>\r\n                     <div class=\"button-action\">\r\n                       <a href=\"https:\/\/fgindes.com\/es\/contacto\/\" class=\"btn-cta btn-black\">\r\n          <span>Contactar Asesor<\/span>\r\n        <\/a>\r\n\r\n                    <\/div>\r\n               <\/div>\r\n   <\/div>\r\n<\/div>\t\t<\/div>\n\t\t\t\t<\/div>\n\t\t\t\t\t<\/div>\n\t\t<\/div>\n\t\t\t\t\t\t\t<\/div>\n\t\t<\/section>\n\t\t\t\t\t\t\t<\/div>","protected":false},"excerpt":{"rendered":"<p>Aire Acondicionado Venta, mantenimiento e instalaci\u00f3n de aires acondicionados. Servicio de mantenimiento preventivo y correctivo. Suministro de repuestos y atenci\u00f3n 24\/7. Mantenimiento Preventivo, predictivo y correctivo de todo equipo de [&hellip;]<\/p>","protected":false},"author":1,"featured_media":0,"parent":0,"menu_order":0,"comment_status":"closed","ping_status":"closed","template":"","meta":{"_joinchat":[],"footnotes":""},"class_list":["post-11094","page","type-page","status-publish","hentry"],"_links":{"self":[{"href":"https:\/\/fgindes.com\/es\/wp-json\/wp\/v2\/pages\/11094","targetHints":{"allow":["GET"]}}],"collection":[{"href":"https:\/\/fgindes.com\/es\/wp-json\/wp\/v2\/pages"}],"about":[{"href":"https:\/\/fgindes.com\/es\/wp-json\/wp\/v2\/types\/page"}],"author":[{"embeddable":true,"href":"https:\/\/fgindes.com\/es\/wp-json\/wp\/v2\/users\/1"}],"replies":[{"embeddable":true,"href":"https:\/\/fgindes.com\/es\/wp-json\/wp\/v2\/comments?post=11094"}],"version-history":[{"count":11,"href":"https:\/\/fgindes.com\/es\/wp-json\/wp\/v2\/pages\/11094\/revisions"}],"predecessor-version":[{"id":11286,"href":"https:\/\/fgindes.com\/es\/wp-json\/wp\/v2\/pages\/11094\/revisions\/11286"}],"wp:attachment":[{"href":"https:\/\/fgindes.com\/es\/wp-json\/wp\/v2\/media?parent=11094"}],"curies":[{"name":"wp","href":"https:\/\/api.w.org\/{rel}","templated":true}]}}