{"id":8396,"date":"2020-05-07T06:40:49","date_gmt":"2020-05-07T06:40:49","guid":{"rendered":"https:\/\/www.gavias-theme.com\/wp\/indutri\/?page_id=8396"},"modified":"2023-08-30T04:59:11","modified_gmt":"2023-08-30T04:59:11","slug":"mantenimiento-de-vehiculos","status":"publish","type":"page","link":"https:\/\/fgindes.com\/es\/mantenimiento-de-vehiculos\/","title":{"rendered":"Mantenimiento de Veh\u00edculos"},"content":{"rendered":"<div data-elementor-type=\"wp-page\" data-elementor-id=\"8396\" class=\"elementor elementor-8396\">\n\t\t\t\t\t\t\t\t\t<section class=\"elementor-section elementor-top-section elementor-element elementor-element-8c40b8f elementor-section-boxed elementor-section-height-default elementor-section-height-default\" data-id=\"8c40b8f\" data-element_type=\"section\">\n\t\t\t\t\t\t<div class=\"elementor-container elementor-column-gap-default\">\n\t\t\t\t\t<div class=\"elementor-column elementor-col-33 elementor-top-column elementor-element elementor-element-0035ec0 top column-style-top\" data-id=\"0035ec0\" data-element_type=\"column\">\n\t\t\t<div class=\"elementor-widget-wrap elementor-element-populated\">\n\t\t\t\t\t\t\t\t<div class=\"elementor-element elementor-element-9172ac2 elementor-widget elementor-widget-image\" data-id=\"9172ac2\" data-element_type=\"widget\" data-widget_type=\"image.default\">\n\t\t\t\t<div class=\"elementor-widget-container\">\n\t\t\t<style>\/*! elementor - v3.15.0 - 02-08-2023 *\/\n.elementor-widget-image{text-align:center}.elementor-widget-image a{display:inline-block}.elementor-widget-image a img[src$=\".svg\"]{width:48px}.elementor-widget-image img{vertical-align:middle;display:inline-block}<\/style>\t\t\t\t\t\t\t\t\t\t\t\t<img loading=\"lazy\" decoding=\"async\" width=\"900\" height=\"675\" src=\"https:\/\/fgindes.com\/wp-content\/uploads\/2023\/08\/WhatsApp-Image-2023-08-17-at-10.58.10-AM-1-1024x768.jpeg\" class=\"attachment-large size-large wp-image-11138\" alt=\"\" srcset=\"https:\/\/fgindes.com\/wp-content\/uploads\/2023\/08\/WhatsApp-Image-2023-08-17-at-10.58.10-AM-1-1024x768.jpeg 1024w, https:\/\/fgindes.com\/wp-content\/uploads\/2023\/08\/WhatsApp-Image-2023-08-17-at-10.58.10-AM-1-768x576.jpeg 768w, https:\/\/fgindes.com\/wp-content\/uploads\/2023\/08\/WhatsApp-Image-2023-08-17-at-10.58.10-AM-1-600x450.jpeg 600w, https:\/\/fgindes.com\/wp-content\/uploads\/2023\/08\/WhatsApp-Image-2023-08-17-at-10.58.10-AM-1.jpeg 1599w\" sizes=\"auto, (max-width: 900px) 100vw, 900px\" \/>\t\t\t\t\t\t\t\t\t\t\t\t\t\t\t<\/div>\n\t\t\t\t<\/div>\n\t\t\t\t<div class=\"elementor-element elementor-element-ed6040e elementor-widget elementor-widget-text-editor\" data-id=\"ed6040e\" data-element_type=\"widget\" data-widget_type=\"text-editor.default\">\n\t\t\t\t<div class=\"elementor-widget-container\">\n\t\t\t<style>\/*! elementor - v3.15.0 - 02-08-2023 *\/\n.elementor-widget-text-editor.elementor-drop-cap-view-stacked .elementor-drop-cap{background-color:#69727d;color:#fff}.elementor-widget-text-editor.elementor-drop-cap-view-framed .elementor-drop-cap{color:#69727d;border:3px solid;background-color:transparent}.elementor-widget-text-editor:not(.elementor-drop-cap-view-default) .elementor-drop-cap{margin-top:8px}.elementor-widget-text-editor:not(.elementor-drop-cap-view-default) .elementor-drop-cap-letter{width:1em;height:1em}.elementor-widget-text-editor .elementor-drop-cap{float:left;text-align:center;line-height:1;font-size:50px}.elementor-widget-text-editor .elementor-drop-cap-letter{display:inline-block}<\/style>\t\t\t\t<p><span style=\"color: #000080;\"><strong>Lubricaci\u00f3n<\/strong><\/span><\/p><p><span style=\"color: #000000;\">Es el \u00e1rea encargada de revisar los <\/span><span style=\"color: #000000;\">niveles lubricadas las partes <\/span><span style=\"color: #000000;\">articuladas del veh\u00edculo aceite de <\/span><span style=\"color: #000000;\">motor, caja de velocidades, <\/span><span style=\"color: #000000;\">diferenciales, de eso depende un <\/span><span style=\"color: #000000;\">\u00f3ptimo desempe\u00f1o del veh\u00edculo y sus componentes para mejorar su desempe\u00f1o.<\/span><\/p>\t\t\t\t\t\t<\/div>\n\t\t\t\t<\/div>\n\t\t\t\t\t<\/div>\n\t\t<\/div>\n\t\t\t\t<div class=\"elementor-column elementor-col-33 elementor-top-column elementor-element elementor-element-2d16632 top column-style-top\" data-id=\"2d16632\" data-element_type=\"column\">\n\t\t\t<div class=\"elementor-widget-wrap elementor-element-populated\">\n\t\t\t\t\t\t\t\t<div class=\"elementor-element elementor-element-d12dc97 elementor-widget elementor-widget-image\" data-id=\"d12dc97\" data-element_type=\"widget\" data-widget_type=\"image.default\">\n\t\t\t\t<div class=\"elementor-widget-container\">\n\t\t\t\t\t\t\t\t\t\t\t\t\t\t\t<img loading=\"lazy\" decoding=\"async\" width=\"900\" height=\"586\" src=\"https:\/\/fgindes.com\/wp-content\/uploads\/2023\/08\/sistema-de-aire-1024x667.jpg\" class=\"attachment-large size-large wp-image-11171\" alt=\"\" srcset=\"https:\/\/fgindes.com\/wp-content\/uploads\/2023\/08\/sistema-de-aire-1024x667.jpg 1024w, https:\/\/fgindes.com\/wp-content\/uploads\/2023\/08\/sistema-de-aire-768x500.jpg 768w, https:\/\/fgindes.com\/wp-content\/uploads\/2023\/08\/sistema-de-aire-600x391.jpg 600w, https:\/\/fgindes.com\/wp-content\/uploads\/2023\/08\/sistema-de-aire.jpg 1106w\" sizes=\"auto, (max-width: 900px) 100vw, 900px\" \/>\t\t\t\t\t\t\t\t\t\t\t\t\t\t\t<\/div>\n\t\t\t\t<\/div>\n\t\t\t\t<div class=\"elementor-element elementor-element-1baf81c elementor-widget elementor-widget-text-editor\" data-id=\"1baf81c\" data-element_type=\"widget\" data-widget_type=\"text-editor.default\">\n\t\t\t\t<div class=\"elementor-widget-container\">\n\t\t\t\t\t\t\t<p><span style=\"color: #000080;\"><strong>Sistemas de Aire<\/strong><\/span><\/p><p><span style=\"color: #000000;\">Es el \u00e1rea encargada de realizar los <\/span><span style=\"color: #000000;\">mantenimientos al sistema neum\u00e1tico del <\/span><span style=\"color: #000000;\">veh\u00edculo del cual depende la seguridad y el <\/span><span style=\"color: #000000;\">\u00f3ptimo funcionamiento de componentes <\/span><span style=\"color: #000000;\">que son de una gran importancia para la <\/span><span style=\"color: #000000;\">seguridad y operatividad de los veh\u00edculos en v\u00eda y en los cargues y descargues del cliente para no tener fallas y\/o novedades.<\/span><\/p>\t\t\t\t\t\t<\/div>\n\t\t\t\t<\/div>\n\t\t\t\t\t<\/div>\n\t\t<\/div>\n\t\t\t\t<div class=\"elementor-column elementor-col-33 elementor-top-column elementor-element elementor-element-2b5ba73 top column-style-top\" data-id=\"2b5ba73\" data-element_type=\"column\">\n\t\t\t<div class=\"elementor-widget-wrap elementor-element-populated\">\n\t\t\t\t\t\t\t\t<div class=\"elementor-element elementor-element-825bc60 elementor-widget elementor-widget-image\" data-id=\"825bc60\" data-element_type=\"widget\" data-widget_type=\"image.default\">\n\t\t\t\t<div class=\"elementor-widget-container\">\n\t\t\t\t\t\t\t\t\t\t\t\t\t\t\t<img loading=\"lazy\" decoding=\"async\" width=\"466\" height=\"343\" src=\"https:\/\/fgindes.com\/wp-content\/uploads\/2023\/08\/WhatsApp-Image-2023-08-09-at-10.50.29-AM-1-1.jpeg\" class=\"attachment-large size-large wp-image-11172\" alt=\"\" \/>\t\t\t\t\t\t\t\t\t\t\t\t\t\t\t<\/div>\n\t\t\t\t<\/div>\n\t\t\t\t<div class=\"elementor-element elementor-element-d6ba06f elementor-widget elementor-widget-text-editor\" data-id=\"d6ba06f\" data-element_type=\"widget\" data-widget_type=\"text-editor.default\">\n\t\t\t\t<div class=\"elementor-widget-container\">\n\t\t\t\t\t\t\t<p><span style=\"color: #000080;\"><strong>Electricidad\u00a0<\/strong><\/span><\/p><p><span style=\"color: #000000;\">Es el \u00e1rea encargada de mantener en <\/span><span style=\"color: #000000;\">\u00f3ptimas condiciones el sistema<\/span><br \/><span style=\"color: #000000;\">generador, almacenamiento de <\/span><span style=\"color: #000000;\">energ\u00eda e iluminaci\u00f3n del veh\u00edculo y no <\/span><span style=\"color: #000000;\">obstante el \u00e1rea del que depende un <\/span><span style=\"color: #000000;\">excelente mantenimiento para evitar <\/span><span style=\"color: #000000;\">percances en ruta o con el producto <\/span><span style=\"color: #000000;\">del cliente.<\/span><\/p>\t\t\t\t\t\t<\/div>\n\t\t\t\t<\/div>\n\t\t\t\t\t<\/div>\n\t\t<\/div>\n\t\t\t\t\t\t\t<\/div>\n\t\t<\/section>\n\t\t\t\t<section class=\"elementor-section elementor-top-section elementor-element elementor-element-bdcc950 elementor-section-boxed elementor-section-height-default elementor-section-height-default\" data-id=\"bdcc950\" data-element_type=\"section\">\n\t\t\t\t\t\t<div class=\"elementor-container elementor-column-gap-default\">\n\t\t\t\t\t<div class=\"elementor-column elementor-col-33 elementor-top-column elementor-element elementor-element-247c633 top column-style-top\" data-id=\"247c633\" data-element_type=\"column\">\n\t\t\t<div class=\"elementor-widget-wrap elementor-element-populated\">\n\t\t\t\t\t\t\t\t<div class=\"elementor-element elementor-element-fb4d06c elementor-widget elementor-widget-image\" data-id=\"fb4d06c\" data-element_type=\"widget\" data-widget_type=\"image.default\">\n\t\t\t\t<div class=\"elementor-widget-container\">\n\t\t\t\t\t\t\t\t\t\t\t\t\t\t\t<img loading=\"lazy\" decoding=\"async\" width=\"900\" height=\"506\" src=\"https:\/\/fgindes.com\/wp-content\/uploads\/2023\/08\/IMG_20230606_145202-1024x576.jpg\" class=\"attachment-large size-large wp-image-11147\" alt=\"\" srcset=\"https:\/\/fgindes.com\/wp-content\/uploads\/2023\/08\/IMG_20230606_145202-1024x576.jpg 1024w, https:\/\/fgindes.com\/wp-content\/uploads\/2023\/08\/IMG_20230606_145202-768x432.jpg 768w, https:\/\/fgindes.com\/wp-content\/uploads\/2023\/08\/IMG_20230606_145202-600x338.jpg 600w\" sizes=\"auto, (max-width: 900px) 100vw, 900px\" \/>\t\t\t\t\t\t\t\t\t\t\t\t\t\t\t<\/div>\n\t\t\t\t<\/div>\n\t\t\t\t<div class=\"elementor-element elementor-element-e8f7166 elementor-widget elementor-widget-text-editor\" data-id=\"e8f7166\" data-element_type=\"widget\" data-widget_type=\"text-editor.default\">\n\t\t\t\t<div class=\"elementor-widget-container\">\n\t\t\t\t\t\t\t<p><span style=\"color: #000080;\"><strong>Llantas<\/strong><\/span><\/p><p><span style=\"color: #000000;\">Es el \u00e1rea encargada de mantener en <\/span><span style=\"color: #000000;\">buenas condiciones las llantas, con <\/span><span style=\"color: #000000;\">reparaciones t\u00e9cnicas, rotaciones, <\/span><span style=\"color: #000000;\">inspecciones, calibraciones y torque <\/span><span style=\"color: #000000;\">para rodar con eficiencia y calidad.<\/span><\/p>\t\t\t\t\t\t<\/div>\n\t\t\t\t<\/div>\n\t\t\t\t\t<\/div>\n\t\t<\/div>\n\t\t\t\t<div class=\"elementor-column elementor-col-33 elementor-top-column elementor-element elementor-element-723948c top column-style-top\" data-id=\"723948c\" data-element_type=\"column\">\n\t\t\t<div class=\"elementor-widget-wrap elementor-element-populated\">\n\t\t\t\t\t\t\t\t<div class=\"elementor-element elementor-element-c110c2b elementor-widget elementor-widget-image\" data-id=\"c110c2b\" data-element_type=\"widget\" data-widget_type=\"image.default\">\n\t\t\t\t<div class=\"elementor-widget-container\">\n\t\t\t\t\t\t\t\t\t\t\t\t\t\t\t<img loading=\"lazy\" decoding=\"async\" width=\"900\" height=\"675\" src=\"https:\/\/fgindes.com\/wp-content\/uploads\/2023\/08\/WhatsApp-Image-2023-08-17-at-10.58.10-AM-2-1024x768.jpeg\" class=\"attachment-large size-large wp-image-11139\" alt=\"\" srcset=\"https:\/\/fgindes.com\/wp-content\/uploads\/2023\/08\/WhatsApp-Image-2023-08-17-at-10.58.10-AM-2-1024x768.jpeg 1024w, https:\/\/fgindes.com\/wp-content\/uploads\/2023\/08\/WhatsApp-Image-2023-08-17-at-10.58.10-AM-2-768x576.jpeg 768w, https:\/\/fgindes.com\/wp-content\/uploads\/2023\/08\/WhatsApp-Image-2023-08-17-at-10.58.10-AM-2-600x450.jpeg 600w, https:\/\/fgindes.com\/wp-content\/uploads\/2023\/08\/WhatsApp-Image-2023-08-17-at-10.58.10-AM-2.jpeg 1599w\" sizes=\"auto, (max-width: 900px) 100vw, 900px\" \/>\t\t\t\t\t\t\t\t\t\t\t\t\t\t\t<\/div>\n\t\t\t\t<\/div>\n\t\t\t\t<div class=\"elementor-element elementor-element-05fa7f6 elementor-widget elementor-widget-text-editor\" data-id=\"05fa7f6\" data-element_type=\"widget\" data-widget_type=\"text-editor.default\">\n\t\t\t\t<div class=\"elementor-widget-container\">\n\t\t\t\t\t\t\t<p><span style=\"color: #000080;\"><strong>Suspensi\u00f3n y Frenos<\/strong><\/span><\/p><p><span style=\"color: #000000;\">Es el \u00e1rea encargada de la revisi\u00f3n, ajuste y <\/span><span style=\"color: #000000;\">cambios de los componentes el\u00e1sticos y de frenos el <\/span><span style=\"color: #000000;\">cual es una parte muy importante de la seguridad <\/span><span style=\"color: #000000;\">del operador, terceros y del veh\u00edculo.<\/span><\/p>\t\t\t\t\t\t<\/div>\n\t\t\t\t<\/div>\n\t\t\t\t\t<\/div>\n\t\t<\/div>\n\t\t\t\t<div class=\"elementor-column elementor-col-33 elementor-top-column elementor-element elementor-element-cac3861 top column-style-top\" data-id=\"cac3861\" data-element_type=\"column\">\n\t\t\t<div class=\"elementor-widget-wrap elementor-element-populated\">\n\t\t\t\t\t\t\t\t<div class=\"elementor-element elementor-element-b7816cf elementor-widget elementor-widget-image\" data-id=\"b7816cf\" data-element_type=\"widget\" data-widget_type=\"image.default\">\n\t\t\t\t<div class=\"elementor-widget-container\">\n\t\t\t\t\t\t\t\t\t\t\t\t\t\t\t<img loading=\"lazy\" decoding=\"async\" width=\"429\" height=\"320\" src=\"https:\/\/fgindes.com\/wp-content\/uploads\/2018\/01\/WhatsApp-Image-2023-08-09-at-10.50.28-AM-1.jpeg\" class=\"attachment-large size-large wp-image-11158\" alt=\"\" \/>\t\t\t\t\t\t\t\t\t\t\t\t\t\t\t<\/div>\n\t\t\t\t<\/div>\n\t\t\t\t<div class=\"elementor-element elementor-element-79f78a0 elementor-widget elementor-widget-text-editor\" data-id=\"79f78a0\" data-element_type=\"widget\" data-widget_type=\"text-editor.default\">\n\t\t\t\t<div class=\"elementor-widget-container\">\n\t\t\t\t\t\t\t<p><span style=\"color: #000080;\"><strong>Servicio T\u00e9cnico Sistema Aire<br \/>Acondicionado Y Equipos Refrigerados <\/strong><\/span><\/p><p><span style=\"color: #000000;\">Realizamos todo el tipo de mantenimiento preventivo y correctivo al sistema de aire acondicionado.<\/span><\/p>\t\t\t\t\t\t<\/div>\n\t\t\t\t<\/div>\n\t\t\t\t\t<\/div>\n\t\t<\/div>\n\t\t\t\t\t\t\t<\/div>\n\t\t<\/section>\n\t\t\t\t<section class=\"elementor-section elementor-top-section elementor-element elementor-element-e543dc5 elementor-section-boxed elementor-section-height-default elementor-section-height-default\" data-id=\"e543dc5\" data-element_type=\"section\">\n\t\t\t\t\t\t<div class=\"elementor-container elementor-column-gap-default\">\n\t\t\t\t\t<div class=\"elementor-column elementor-col-33 elementor-top-column elementor-element elementor-element-5d5d43f top column-style-top\" data-id=\"5d5d43f\" data-element_type=\"column\">\n\t\t\t<div class=\"elementor-widget-wrap elementor-element-populated\">\n\t\t\t\t\t\t\t\t<div class=\"elementor-element elementor-element-54269bd elementor-widget elementor-widget-image\" data-id=\"54269bd\" data-element_type=\"widget\" data-widget_type=\"image.default\">\n\t\t\t\t<div class=\"elementor-widget-container\">\n\t\t\t\t\t\t\t\t\t\t\t\t\t\t\t<img loading=\"lazy\" decoding=\"async\" width=\"900\" height=\"600\" src=\"https:\/\/fgindes.com\/wp-content\/uploads\/2018\/01\/car-checking-garage-staff-mechanic-inspection-che-2022-12-31-05-25-36-utc-1024x683.jpg\" class=\"attachment-large size-large wp-image-10938\" alt=\"\" srcset=\"https:\/\/fgindes.com\/wp-content\/uploads\/2018\/01\/car-checking-garage-staff-mechanic-inspection-che-2022-12-31-05-25-36-utc-1024x683.jpg 1024w, https:\/\/fgindes.com\/wp-content\/uploads\/2018\/01\/car-checking-garage-staff-mechanic-inspection-che-2022-12-31-05-25-36-utc-768x512.jpg 768w, https:\/\/fgindes.com\/wp-content\/uploads\/2018\/01\/car-checking-garage-staff-mechanic-inspection-che-2022-12-31-05-25-36-utc-600x400.jpg 600w\" sizes=\"auto, (max-width: 900px) 100vw, 900px\" \/>\t\t\t\t\t\t\t\t\t\t\t\t\t\t\t<\/div>\n\t\t\t\t<\/div>\n\t\t\t\t<div class=\"elementor-element elementor-element-dfffc7a elementor-widget elementor-widget-text-editor\" data-id=\"dfffc7a\" data-element_type=\"widget\" data-widget_type=\"text-editor.default\">\n\t\t\t\t<div class=\"elementor-widget-container\">\n\t\t\t\t\t\t\t<p><span style=\"color: #000080;\"><strong>Inspecci\u00f3n de Veh\u00edculos<\/strong><\/span><\/p><p><span style=\"color: #000000;\">Realizamos inspecci\u00f3n de ingreso y de salida de los veh\u00edculos que se encuentran en mantenimiento para realizar las <\/span><span style=\"color: #000000;\">intervenciones necesarias, con esto le garantizamos a nuestros clientes y al conductor que el equipo se encuentra<\/span><br \/><span style=\"color: #000000;\">en \u00f3ptimas condiciones de operatividad.<\/span><\/p>\t\t\t\t\t\t<\/div>\n\t\t\t\t<\/div>\n\t\t\t\t\t<\/div>\n\t\t<\/div>\n\t\t\t\t<div class=\"elementor-column elementor-col-33 elementor-top-column elementor-element elementor-element-430ac99 top column-style-top\" data-id=\"430ac99\" data-element_type=\"column\">\n\t\t\t<div class=\"elementor-widget-wrap elementor-element-populated\">\n\t\t\t\t\t\t\t\t<div class=\"elementor-element elementor-element-7d9607c elementor-widget elementor-widget-image\" data-id=\"7d9607c\" data-element_type=\"widget\" data-widget_type=\"image.default\">\n\t\t\t\t<div class=\"elementor-widget-container\">\n\t\t\t\t\t\t\t\t\t\t\t\t\t\t\t<img loading=\"lazy\" decoding=\"async\" width=\"281\" height=\"246\" src=\"https:\/\/fgindes.com\/wp-content\/uploads\/2023\/08\/WhatsApp-Image-2023-08-09-at-10.50.30-AM-3.jpeg\" class=\"attachment-large size-large wp-image-11181\" alt=\"\" \/>\t\t\t\t\t\t\t\t\t\t\t\t\t\t\t<\/div>\n\t\t\t\t<\/div>\n\t\t\t\t<div class=\"elementor-element elementor-element-5bd086c elementor-widget elementor-widget-text-editor\" data-id=\"5bd086c\" data-element_type=\"widget\" data-widget_type=\"text-editor.default\">\n\t\t\t\t<div class=\"elementor-widget-container\">\n\t\t\t\t\t\t\t<p><strong><span style=\"color: #000080;\">Servicio Asistencia En Carretera<\/span><\/strong><\/p><p><span style=\"color: #000000;\">Contamos con este servicio para las novedades que se les presentan en carretera a nuestros clientes, el cual garantiza que en conjunto con el t\u00e9cnico su atenci\u00f3n sea r\u00e1pida y oportuna.<\/span><\/p>\t\t\t\t\t\t<\/div>\n\t\t\t\t<\/div>\n\t\t\t\t\t<\/div>\n\t\t<\/div>\n\t\t\t\t<div class=\"elementor-column elementor-col-33 elementor-top-column elementor-element elementor-element-5f7c2e19 col-bg-theme column-style-top\" data-id=\"5f7c2e19\" data-element_type=\"column\" data-settings=\"{&quot;background_background&quot;:&quot;classic&quot;}\">\n\t\t\t<div class=\"elementor-widget-wrap elementor-element-populated\">\n\t\t\t\t\t<div class=\"elementor-background-overlay\"><\/div>\n\t\t\t\t\t\t\t\t<div class=\"elementor-element elementor-element-1335a287 elementor-widget elementor-widget-gva-call-to-action\" data-id=\"1335a287\" data-element_type=\"widget\" data-widget_type=\"gva-call-to-action.default\">\n\t\t\t\t<div class=\"elementor-widget-container\">\n\t\t\t<div class=\"gva-element-gva-call-to-action gva-element\">\r\n   <div class=\"button-bottom widget gsc-call-to-action\">\r\n      <div class=\"content-inner clearfix\" >\r\n         <div class=\"cta-content\">\r\n                           <h2 class=\"title\">\r\n                  <span>Somos el aliado ideal para que tu negocio llegue m\u00e1s lejos<\/span>\r\n               <\/h2>\r\n                                             <\/div>\r\n                     <div class=\"button-action\">\r\n                       <a href=\"https:\/\/fgindes.com\/es\/contacto\/\" class=\"btn-cta btn-black\">\r\n          <span>Contactar un asesor <\/span>\r\n        <\/a>\r\n\r\n                    <\/div>\r\n               <\/div>\r\n   <\/div>\r\n<\/div>\t\t<\/div>\n\t\t\t\t<\/div>\n\t\t\t\t\t<\/div>\n\t\t<\/div>\n\t\t\t\t\t\t\t<\/div>\n\t\t<\/section>\n\t\t\t\t\t\t\t<\/div>","protected":false},"excerpt":{"rendered":"<p>Lubricaci\u00f3n Es el \u00e1rea encargada de revisar los niveles lubricadas las partes articuladas del veh\u00edculo aceite de motor, caja de velocidades, diferenciales, de eso depende un \u00f3ptimo desempe\u00f1o del veh\u00edculo [&hellip;]<\/p>","protected":false},"author":1,"featured_media":0,"parent":0,"menu_order":0,"comment_status":"closed","ping_status":"closed","template":"","meta":{"_joinchat":[],"footnotes":""},"class_list":["post-8396","page","type-page","status-publish","hentry"],"_links":{"self":[{"href":"https:\/\/fgindes.com\/es\/wp-json\/wp\/v2\/pages\/8396","targetHints":{"allow":["GET"]}}],"collection":[{"href":"https:\/\/fgindes.com\/es\/wp-json\/wp\/v2\/pages"}],"about":[{"href":"https:\/\/fgindes.com\/es\/wp-json\/wp\/v2\/types\/page"}],"author":[{"embeddable":true,"href":"https:\/\/fgindes.com\/es\/wp-json\/wp\/v2\/users\/1"}],"replies":[{"embeddable":true,"href":"https:\/\/fgindes.com\/es\/wp-json\/wp\/v2\/comments?post=8396"}],"version-history":[{"count":33,"href":"https:\/\/fgindes.com\/es\/wp-json\/wp\/v2\/pages\/8396\/revisions"}],"predecessor-version":[{"id":11325,"href":"https:\/\/fgindes.com\/es\/wp-json\/wp\/v2\/pages\/8396\/revisions\/11325"}],"wp:attachment":[{"href":"https:\/\/fgindes.com\/es\/wp-json\/wp\/v2\/media?parent=8396"}],"curies":[{"name":"wp","href":"https:\/\/api.w.org\/{rel}","templated":true}]}}